{"id":225,"date":"2025-02-20T23:44:10","date_gmt":"2025-02-20T22:44:10","guid":{"rendered":"http:\/\/hosting2284170.online.pro\/autoinstalator\/wordpress\/?page_id=225"},"modified":"2025-02-20T23:44:12","modified_gmt":"2025-02-20T22:44:12","slug":"drukarki-termotransferowe","status":"publish","type":"page","link":"https:\/\/morimedia.pl\/index.php\/drukarki-termotransferowe\/","title":{"rendered":"Drukarki termotransferowe"},"content":{"rendered":"<h1 class=\"wp-block-heading\">Drukarki termotransferowe<\/h1><p>&nbsp;&nbsp;&nbsp;&nbsp; Poni\u017cej przedstawiamy zestawienie dost\u0119pnych w naszej ofercie drukarek termotransferowych. Drukarki firmy Citizen cechuje wysoka jako\u015b\u0107. Mechanizmy wykonane s\u0105 z metalu (Hi-Lift\u2122), co sprawia, \u017ce urz\u0105dzenia te s\u0105 bardziej wytrzyma\u0142e i precyzyjne.<br>&nbsp;&nbsp;&nbsp;&nbsp; Drukarki z grupy &#8222;przemys\u0142owa&#8221; przeznaczone s\u0105 do drukowania bardzo du\u017cych nak\u0142ad\u00f3w. W przypadku wi\u0119kszo\u015bci firm optymalnym rozwi\u0105zaniem b\u0119dzie zakup drukarki z grupy &#8222;biurkowa&#8221;.<\/p><figure class=\"wp-block-table\"><table><thead><tr><th>Parametr<\/th><th>Citizen-CL-S621<\/th><th>Citizen-CL-S631<\/th><th>Citizen-CL-S700<\/th><th>Citizen-CL-S703<\/th><\/tr><\/thead><tbody><tr><td>Grupa:<\/td><td>biurkowa<\/td><td>biurkowa<\/td><td>przemys\u0142owa<\/td><td>przemys\u0142owa<\/td><\/tr><tr><td>Metoda wydruku:<\/td><td><strong>termiczna i termotransferowa<\/strong><\/td><td><strong>termiczna i termotransferowa<\/strong><\/td><td><strong>termiczna i termotransferowa<\/strong><\/td><td><strong>termiczna i termotransferowa<\/strong><\/td><\/tr><tr><td>Rozdzielczo\u015b\u0107 drukowania:<\/td><td>203dpi<\/td><td>300dpi<\/td><td>203dpi<\/td><td>300dpi<\/td><\/tr><tr><td>Maksymalna pr\u0119dko\u015b\u0107 druku:<\/td><td>100mm\/s<\/td><td>100mm\/s<\/td><td>254mm\/s<\/td><td>200mm\/s<\/td><\/tr><tr><td>Maksymalna szeroko\u015b\u0107 druku:<\/td><td>104,1mm<\/td><td>104,1mm<\/td><td>104,1mm<\/td><td>104,1mm<\/td><\/tr><tr><td>Maksymalna d\u0142ugo\u015b\u0107 druku:<\/td><td>min. 6,35mm max.812,8mm<\/td><td>min. 6,35mm max.812,8mm<\/td><td>min. 6,35mm max.812,8mm<\/td><td>min. 6,35mm max.812,8mm<\/td><\/tr><tr><td>Szeroko\u015b\u0107 rolki z etykietami:<\/td><td>min.19,5mm<br>max.118,1mm<\/td><td>min.19,5mm<br>max.118,1mm<\/td><td>min.25,4mm<br>max.118,1mm<\/td><td>min.25,4mm<br>max.118,1mm<\/td><\/tr><tr><td>Maksymalna \u015brednica rolki z etykietami:<\/td><td>127mm<\/td><td>127mm<\/td><td>203mm<\/td><td>203mm<\/td><\/tr><tr><td>\u015arednica gilzy (tuleja na rolk\u0119 z etykietami):<\/td><td>25,4mm &#8211; 76mm (1-3&#8243;)<\/td><td>25,4mm &#8211; 76mm (1-3&#8243;)<\/td><td>38mm &#8211; 76mm (1,5-3&#8243;)<\/td><td>38mm &#8211; 76mm (1,5-3&#8243;)<\/td><\/tr><tr><td>Maks. wymiary ta\u015bmy drukuj\u0105cej:<\/td><td>\u015brednica zewn\u0119trzna: 74mm<\/td><td>\u015brednica zewn\u0119trzna: 74mm<\/td><td>\u015brednica zewn\u0119trzna: 86,5mm<\/td><td>\u015brednica zewn\u0119trzna: 86,5mm<\/td><\/tr><tr><td>Maks. wymiary ta\u015bmy drukuj\u0105cej:<\/td><td>d\u0142ugo\u015b\u0107: 360m<\/td><td>d\u0142ugo\u015b\u0107: 360m<\/td><td>d\u0142ugo\u015b\u0107: 450m<\/td><td>d\u0142ugo\u015b\u0107: 450m<\/td><\/tr><tr><td>Wymiary ta\u015bmy drukuj\u0105cej:<\/td><td>\u015brednica wewn\u0119trzna: 25,4mm (1&#8243;)<\/td><td>\u015brednica wewn\u0119trzna: 25,4mm (1&#8243;)<\/td><td>\u015brednica wewn\u0119trzna: 25,4mm (1&#8243;)<\/td><td>\u015brednica wewn\u0119trzna: 25,4mm (1&#8243;)<\/td><\/tr><tr><td>Standardowe interfejsy:<\/td><td>USB 1.1, RS-232C<\/td><td>USB 1.1, RS-232C<\/td><td>USB 1.1, RS-232C, IEEE-128<\/td><td>USB 1.1, RS-232C, IEEE-128<\/td><\/tr><tr><td>Wymiary:<\/td><td>231 x 289 x 270mm<\/td><td>231 x 289 x 270mm<\/td><td>255 x 490 x 265mm<\/td><td>255 x 490 x 265mm<\/td><\/tr><tr><td>Waga:<\/td><td>4,5kg<\/td><td>4,5kg<\/td><td>13,3kg<\/td><td>13,3kg<\/td><\/tr><tr><td>Gwarancja na drukark\u0119:<\/td><td>24 miesi\u0105ce<\/td><td>24 miesi\u0105ce<\/td><td>24 miesi\u0105ce lub 100 km wydruku<\/td><td>24 miesi\u0105ce lub 100 km wydruku<\/td><\/tr><tr><td>Gwarancja na g\u0142owic\u0119:<\/td><td>6 miesi\u0119cy lub 50 km wydruku<\/td><td>6 miesi\u0119cy lub 50 km wydruku<\/td><td>6 miesi\u0119cy lub 50 km wydruku<\/td><td>6 miesi\u0119cy lub 50 km wydruku<\/td><\/tr><\/tbody><\/table><\/figure>","protected":false},"excerpt":{"rendered":"<p>Drukarki termotransferowe &nbsp;&nbsp;&nbsp;&nbsp; Poni\u017cej przedstawiamy zestawienie dost\u0119pnych w naszej ofercie drukarek termotransferowych. Drukarki firmy Citizen cechuje wysoka jako\u015b\u0107. Mechanizmy wykonane&#8230;<\/p>\n","protected":false},"author":1,"featured_media":0,"parent":0,"menu_order":0,"comment_status":"closed","ping_status":"closed","template":"","meta":{"_kadence_starter_templates_imported_post":false,"footnotes":""},"class_list":["post-225","page","type-page","status-publish","hentry"],"_links":{"self":[{"href":"https:\/\/morimedia.pl\/index.php\/wp-json\/wp\/v2\/pages\/225","targetHints":{"allow":["GET"]}}],"collection":[{"href":"https:\/\/morimedia.pl\/index.php\/wp-json\/wp\/v2\/pages"}],"about":[{"href":"https:\/\/morimedia.pl\/index.php\/wp-json\/wp\/v2\/types\/page"}],"author":[{"embeddable":true,"href":"https:\/\/morimedia.pl\/index.php\/wp-json\/wp\/v2\/users\/1"}],"replies":[{"embeddable":true,"href":"https:\/\/morimedia.pl\/index.php\/wp-json\/wp\/v2\/comments?post=225"}],"version-history":[{"count":1,"href":"https:\/\/morimedia.pl\/index.php\/wp-json\/wp\/v2\/pages\/225\/revisions"}],"predecessor-version":[{"id":226,"href":"https:\/\/morimedia.pl\/index.php\/wp-json\/wp\/v2\/pages\/225\/revisions\/226"}],"wp:attachment":[{"href":"https:\/\/morimedia.pl\/index.php\/wp-json\/wp\/v2\/media?parent=225"}],"curies":[{"name":"wp","href":"https:\/\/api.w.org\/{rel}","templated":true}]}}