{"id":242,"date":"2025-02-21T16:01:26","date_gmt":"2025-02-21T15:01:26","guid":{"rendered":"https:\/\/morimedia.pl\/?page_id=242"},"modified":"2025-02-21T16:01:27","modified_gmt":"2025-02-21T15:01:27","slug":"polityka-prywatnosci-2","status":"publish","type":"page","link":"https:\/\/morimedia.pl\/index.php\/polityka-prywatnosci-2\/","title":{"rendered":"Polityka prywatno\u015bci"},"content":{"rendered":"<p><strong>1. DEFINICJE<\/strong><br><br>1.1. Administrator \u2013MoriMedia Mateusz Mor z siedzib\u0105 w Jasinie 62-020 ul. Kazimierza 9.<\/p><p><br>1.2. Dane osobowe \u2013 wszystkie informacje o osobie fizycznej zidentyfikowanej lub mo\u017cliwej do zidentyfikowania poprzez jeden b\u0105d\u017a kilka szczeg\u00f3lnych czynnik\u00f3w okre\u015blaj\u0105cych fizyczn\u0105, fizjologiczn\u0105, genetyczn\u0105, psychiczn\u0105, ekonomiczn\u0105, kulturow\u0105 lub spo\u0142eczn\u0105 to\u017csamo\u015b\u0107, w tym IP urz\u0105dzenia, dane o lokalizacji, identyfikator internetowy oraz informacje gromadzone za po\u015brednictwem plik\u00f3w cookie oraz innej podobnej technologii.<\/p><p><br>1.3. Polityka \u2013 niniejsza Polityka prywatno\u015bci.<\/p><p><br>1.4. RODO \u2013 Rozporz\u0105dzenie Parlamentu Europejskiego i Rady (UE) 2016\/679 z dnia 27 kwietnia 2016 r. w sprawie ochrony os\u00f3b fizycznych w zwi\u0105zku z przetwarzaniem danych osobowych i w sprawie swobodnego przep\u0142ywu takich danych oraz uchylenia dyrektywy 95\/46\/WE.<\/p><p><br>1.5. Sklep \u2013 strona internetowa prowadzona przez Administratora pod adresem www.morimedia.pl.<\/p><p><br>1.6. U\u017cytkownik \u2013 osoba fizyczna posiadaj\u0105ca pe\u0142n\u0105 lub ograniczon\u0105 zdolno\u015b\u0107 do czynno\u015bci prawnych, osoba prawna lub jednostka organizacyjna nieposiadaj\u0105ca osobowo\u015bci prawnej ale posiadaj\u0105ca zdolno\u015b\u0107 prawn\u0105.<\/p><p><br>1.7 Pliki cookies (tzw. \u201eciasteczka\u201d) stanowi\u0105 dane informatyczne, w szczeg\u00f3lno\u015bci pliki tekstowe, kt\u00f3re przechowywane s\u0105 w urz\u0105dzeniu ko\u0144cowym U\u017cytkownika Sklepu i przeznaczone s\u0105 do korzystania ze stron internetowych Sklepu<br><br><strong>2. PRZETWARZANIE DANYCH W ZWI\u0104ZKU Z KORZYSTANIEM ZE SKLEPU<\/strong><br><br>2.1. W zwi\u0105zku z korzystaniem przez U\u017cytkownika ze Sklepu, Administrator zbiera dane w zakresie niezb\u0119dnym do \u015bwiadczenia oferowanych us\u0142ug, a tak\u017ce informacje o aktywno\u015bci U\u017cytkownika w Sklepie. Poni\u017cej zosta\u0142y opisane szczeg\u00f3\u0142owe zasady oraz cele przetwarzania danych osobowych gromadzonych podczas korzystania z Sklepu przez U\u017cytkownika.<br><br><strong>3. CELE ORAZ PODSTAWY PRAWNE PRZETWARZANIA DANYCH W SKLEPIE<\/strong><br><br><strong>KORZYSTANIE ZE SKLEPU<\/strong><br>3.1. Dane osobowe wszystkich os\u00f3b korzystaj\u0105cych ze Sklepu (w tym adres IP lub inne identyfikatory oraz informacje gromadzone za po\u015brednictwem plik\u00f3w cookies lub innych podobnych technologii), a nieb\u0119d\u0105cych zarejestrowanymi U\u017cytkownikami (tj. osoby nieposiadaj\u0105ce profilu w Sklepie) przetwarzane s\u0105 przez Administratora:<br><br>3.1.1. w celu \u015bwiadczenia us\u0142ug drog\u0105 elektroniczn\u0105 w zakresie udost\u0119pniana U\u017cytkownikom tre\u015bci gromadzonych w Sklepie, w tym:<br>a) w zakresie niezb\u0119dnym do nawi\u0105zania, ukszta\u0142towania tre\u015bci, zmiany, rozwi\u0105zania i prawid\u0142owej realizacji us\u0142ug \u015bwiadczonych drog\u0105 elektroniczn\u0105 i realizacji sk\u0142adanych przez U\u017cytkownika zam\u00f3wie\u0144;<br>b) w celu realizacji sk\u0142adanych przez U\u017cytkownika zam\u00f3wie\u0144 na produkty znajduj\u0105ce si\u0119 w asortymencie Sklepu;<br>c) w celu rozpatrywania sk\u0142adanych przez U\u017cytkownika Sklepu reklamacji oraz zwrotu \u015bwiadcze\u0144 w przypadku odst\u0105pienia od umowy (zwrotu towaru) \u2013 w\u00f3wczas podstaw\u0105 prawn\u0105 przetwarzania jest niezb\u0119dno\u015b\u0107 przetwarzania do wykonania umowy (art. 6 ust. 1 lit. b) RODO);<br><br>3.1.2. w celach analitycznych i statystycznych \u2013 w\u00f3wczas podstaw\u0105 prawn\u0105 przetwarzania jest uzasadniony interes Administratora (art. 6 ust. 1 lit. f) RODO) polegaj\u0105cy na prowadzeniu analiz aktywno\u015bci U\u017cytkownik\u00f3w, a tak\u017ce ich preferencji w celu poprawy stosowanych funkcjonalno\u015bci i \u015bwiadczonych us\u0142ug;<\/p><p><br>3.1.3. w celu ewentualnego ustalenia i dochodzenia roszcze\u0144 lub obrony przed nimi \u2013 podstaw\u0105 prawn\u0105 przetwarzania jest uzasadniony interes Administratora (art. 6 ust. 1 lit f RODO) polegaj\u0105cy na ochronie jego praw;<\/p><p><br>3.1.4. w celach marketingowych Administratora i jego zaufanych partner\u00f3w, poprzez wysy\u0142k\u0119 newsletter\u2019a oraz drog\u0105 SMS\/MMS \u2013 podstaw\u0105 prawn\u0105 przetwarzania jest zgoda U\u017cytkownika (art. 6 ust. 1 lit. a) RODO);<\/p><p><br>3.1.5. w celach marketingowych Administratora, w tym prezentowania ofert i produkt\u00f3w w Sklepie zwi\u0105zanych ze \u015bwiadczenia us\u0142ug drog\u0105 elektroniczn\u0105 \u2013 podstaw\u0105 prawn\u0105 przetwarzania jest prawnie uzasadniony interes (art. 6 ust. 1 lit. f) RODO).<br><br>Szczeg\u00f3\u0142owe zasady przetwarzania danych osobowych w celach marketingowych zosta\u0142y opisane w sekcji \u201eMARKETING\u201d.<br><br>3.2. Aktywno\u015b\u0107 U\u017cytkownika w Sklepie, w tym jego dane osobowe, s\u0105 rejestrowane w logach systemowych (specjalnym programie komputerowym s\u0142u\u017c\u0105cym do przechowywania chronologicznego zapisu zawieraj\u0105cego informacj\u0119 o zdarzeniach i dzia\u0142aniach dotycz\u0105cych systemu informatycznego s\u0142u\u017c\u0105cego do \u015bwiadczenia us\u0142ug przez Administratora). Zebrane w logach informacje przetwarzane s\u0105 przede wszystkim w celach zwi\u0105zanych ze \u015bwiadczeniem us\u0142ug. Administrator przetwarza je r\u00f3wnie\u017c w celach technicznych, administracyjnych, na potrzeby zapewnienia bezpiecze\u0144stwa systemu informatycznego oraz zarz\u0105dzania tym systemem, a tak\u017ce w celach analitycznych i statystycznych \u2013 w tym zakresie podstaw\u0105 prawn\u0105 przetwarzania jest prawnie uzasadniony interes Administratora (art. 6 ust. 1 lit. f RODO).<br><br><strong>REJESTRACJA W SKLEPIE<\/strong><br>Osoby, kt\u00f3re dokonuj\u0105 rejestracji w Sklepie, proszone s\u0105 o podanie danych niezb\u0119dnych do utworzenia i obs\u0142ugi konta. Podanie danych oznaczonych jako obowi\u0105zkowe jest wymagane w celu za\u0142o\u017cenia i obs\u0142ugi konta, a ich niepodanie skutkuje brakiem mo\u017cliwo\u015bci za\u0142o\u017cenia konta.<br><br>Dane osobowe s\u0105 przetwarzane:<br>&#8211; w celu \u015bwiadczenia us\u0142ug zwi\u0105zanych z prowadzeniem i obs\u0142ug\u0105 konta w Sklepie \u2013 podstaw\u0105 prawn\u0105 przetwarzania jest niezb\u0119dno\u015b\u0107 przetwarzania do wykonania umowy (art. 6 ust. 1 lit b RODO), a w zakresie danych podanych fakultatywnie \u2013 podstaw\u0105 prawn\u0105 przetwarzania jest zgoda (art. 6 ust. 1 lit a RODO);<br>&#8211; w celach analitycznych i statystycznych \u2013 podstaw\u0105 prawn\u0105 przetwarzania jest uzasadniony interes Administratora (art. 6 ust. 1 lit f RODO) polegaj\u0105cy na prowadzeniu analiz aktywno\u015bci U\u017cytkownik\u00f3w w Sklepie i sposobu korzystania z konta, a tak\u017ce ich preferencji w celu poprawy stosowanych funkcjonalno\u015bci;<br>&#8211; w celu ewentualnego ustalenia i dochodzenia roszcze\u0144 lub obrony przed nimi \u2013 podstaw\u0105 prawn\u0105 przetwarzania jest uzasadniony interes Administratora (art. 6 ust. 1 lit f RODO) polegaj\u0105cy na ochronie jego praw;<br>&#8211; w celach marketingowych Administratora oraz innych podmiot\u00f3w \u2013 zasady przetwarzania danych osobowych w celach marketingowych zosta\u0142y opisane w pkt \u201eMARKETING\u201d.<br><br><strong>FORMULARZ&nbsp; KONTAKTOWY<\/strong><br>Administrator zapewnia mo\u017cliwo\u015b\u0107 skontaktowania si\u0119 z nim przy wykorzystaniu elektronicznego formularza kontaktowego. Skorzystanie z formularza wymaga podania danych osobowych niezb\u0119dnych do skontaktowania si\u0119 z U\u017cytkownikiem i udzielenia odpowiedzi na zapytanie. U\u017cytkownik mo\u017ce poda\u0107 tak\u017ce inne dane w celu u\u0142atwienia kontaktu lub obs\u0142ugi zapytania. Podanie danych oznaczonych jako obowi\u0105zkowe jest wymagane w celu przyj\u0119cia i obs\u0142ugi zapytania, a ich niepodanie skutkuje brakiem mo\u017cliwo\u015bci obs\u0142ugi. Podanie pozosta\u0142ych danych jest dobrowolne.<br><br>Dane osobowe s\u0105 przetwarzane:<br>&#8211; w celu identyfikacji nadawcy oraz obs\u0142ugi jego zapytania przes\u0142anego przez udost\u0119pniony formularz \u2013 podstaw\u0105 prawn\u0105 przetwarzania jest niezb\u0119dno\u015b\u0107 przetwarzania do wykonania umowy o \u015bwiadczenie us\u0142ugi (art. 6 ust. 1 lit. b RODO);<br>&#8211; w celach analitycznych i statystycznych \u2013 podstaw\u0105 prawn\u0105 przetwarzania jest uzasadniony interes Administratora (art. 6 ust. 1 lit. f RODO) polegaj\u0105cy na prowadzeniu statystyk zapyta\u0144 zg\u0142aszanych przez U\u017cytkownik\u00f3w za po\u015brednictwem Sklepu w celu doskonalenia jego funkcjonalno\u015bci.<br><br><strong>SK\u0141ADANIE ZAM\u00d3WIE\u0143<\/strong><br>Z\u0142o\u017cenie zam\u00f3wienia (zakupu towaru lub us\u0142ugi) przez U\u017cytkownika Sklepu wi\u0105\u017ce si\u0119 z przetwarzaniem jego danych osobowych. Podanie danych oznaczonych jako obowi\u0105zkowe jest wymagane w celu przyj\u0119cia i obs\u0142ugi zam\u00f3wienia, a ich niepodanie skutkuje brakiem jego realizacji.<br><br>Dane osobowe s\u0105 przetwarzane:<br>&#8211; w celu realizacji z\u0142o\u017conego zam\u00f3wienia \u2013 podstaw\u0105 prawn\u0105 przetwarzania jest niezb\u0119dno\u015b\u0107 przetwarzania do wykonania umowy (art. 6 ust. 1 lit. b RODO); w zakresie danych podanych fakultatywnie podstaw\u0105 prawn\u0105 przetwarzania jest zgoda (art. 6 ust. 1 lit. a RODO);<br>&#8211; w celu realizacji obowi\u0105zk\u00f3w ustawowych ci\u0105\u017c\u0105cych na Administratorze, wynikaj\u0105cych w szczeg\u00f3lno\u015bci z przepis\u00f3w podatkowych i przepis\u00f3w o rachunkowo\u015bci \u2013 podstaw\u0105 prawn\u0105 przetwarzania jest obowi\u0105zek prawny (art. 6 ust. 1 lit. c RODO);<br>&#8211; w celach analitycznych i statystycznych \u2013 podstaw\u0105 prawn\u0105 przetwarzania jest uzasadniony interes Administratora (art. 6 ust. 1 lit. f RODO) polegaj\u0105cy na prowadzeniu analiz aktywno\u015bci U\u017cytkownik\u00f3w w Sklepie, a tak\u017ce ich preferencji zakupowych w celu doskonalenia stosowanych funkcjonalno\u015bci;<br>&#8211; w celu ewentualnego ustalenia i dochodzenia roszcze\u0144 lub obrony przed nimi \u2013 podstaw\u0105 prawn\u0105 przetwarzania jest uzasadniony interes Administratora (art. 6 ust. 1 lit. f RODO) polegaj\u0105cy na ochronie jego praw.<br>&nbsp;<br><strong>4. MARKETING<\/strong><br><br>Administrator przetwarza dane osobowe U\u017cytkownik\u00f3w w celu realizowania dzia\u0142a\u0144 marketingowych, kt\u00f3re mog\u0105 polega\u0107 na:<br>&#8211; wy\u015bwietlaniu U\u017cytkownikowi tre\u015bci marketingowych, kt\u00f3re nie s\u0105 dostosowane do jego preferencji (reklama kontekstowa);<br>&#8211; prowadzenie innego rodzaju dzia\u0142a\u0144 zwi\u0105zanych z marketingiem bezpo\u015brednim towar\u00f3w i us\u0142ug (przesy\u0142anie informacji handlowych drog\u0105 elektroniczn\u0105 oraz dzia\u0142ania telemarketingowe);<br><br><strong>REKLAMA KONTEKSTOWA<\/strong><br>Administrator przetwarza dane osobowe U\u017cytkownik\u00f3w dla cel\u00f3w marketingowych w zwi\u0105zku z kierowaniem do U\u017cytkownik\u00f3w reklamy kontekstowej (tj. reklamy, kt\u00f3ra nie jest dopasowana do preferencji U\u017cytkownika). Przetwarzanie danych osobowych odbywa si\u0119 w\u00f3wczas w zwi\u0105zku z realizacj\u0105 uzasadnionego interesu Administratora (art. 6 ust. 1 lit. f RODO).<br><br><strong>NEWSLETTER<\/strong><br>Administrator \u015bwiadczy us\u0142ug\u0119 newslettera na zasadach okre\u015blonych w regulaminie osobom, kt\u00f3re w tym celu poda\u0142y sw\u00f3j adres e-mail. Podanie danych jest wymagane w celu \u015bwiadczenia us\u0142ugi newslettera, a ich niepodanie skutkuje brakiem mo\u017cliwo\u015bci jego wysy\u0142ki.<br><br>Dane osobowe s\u0105 przetwarzane:<br>&#8211; w celu \u015bwiadczenia us\u0142ugi wysy\u0142ki newslettera obejmuj\u0105cego wysy\u0142anie tre\u015bci marketingowych \u2013 podstaw\u0105 prawn\u0105 przetwarzania jest zgoda U\u017cytkownika na jego otrzymywanie (art. 6 ust. 1 lit a RODO);<br>&#8211; w celach analitycznych i statystycznych \u2013 podstaw\u0105 prawn\u0105 przetwarzania jest uzasadniony interes Administratora, (art. 6 ust. 1 lit. f) RODO) polegaj\u0105cy na prowadzeniu analiz aktywno\u015bci U\u017cytkownik\u00f3w w Sklepie w celu doskonalenia stosowanych funkcjonalno\u015bci;<br>&#8211; w celu ewentualnego ustalenia i dochodzenia roszcze\u0144 lub obrony przed nimi \u2013 podstaw\u0105 prawn\u0105 przetwarzania jest uzasadniony interes Administratora (art. 6 ust. 1 lit. f) RODO).<br><br>U\u017cytkownik mo\u017ce w dowolnym momencie zrezygnowa\u0107 z prenumeraty Newslettera samodzielnie, poprzez odznaczenie stosownego pola w zak\u0142adce \u201ePanel Klienta\u201d.<br><br><strong>MARKETING BEZPO\u015aREDNI<\/strong><br>Dane osobowe U\u017cytkownika mog\u0105 by\u0107 r\u00f3wnie\u017c wykorzystywane przez Administratora, aby kierowa\u0107 do niego tre\u015bci marketingowe r\u00f3\u017cnymi kana\u0142ami, tj. za po\u015brednictwem poczty e-mail lub drog\u0105 MMS \/ SMS. Takie dzia\u0142ania s\u0105 podejmowane przez Administratora wy\u0142\u0105cznie w przypadku, gdy U\u017cytkownik wyrazi\u0142 na nie zgod\u0119, kt\u00f3r\u0105 mo\u017ce wycofa\u0107 w dowolnym momencie.<br><br><strong>5. PLIKI COOKIES ORAZ PODOBNA TECHNOLOGIA<\/strong><br><br>Pliki cookies to ma\u0142e pliki tekstowe instalowane na urz\u0105dzeniu U\u017cytkownika przegl\u0105daj\u0105cego Sklep. Cookies zbieraj\u0105 informacje u\u0142atwiaj\u0105ce korzystanie ze Sklepu \u2013 np. poprzez zapami\u0119tywanie odwiedzin U\u017cytkownika w Sklepie i dokonywanych przez niego czynno\u015bci. Zapisywane s\u0105 na urz\u0105dzeniu ko\u0144cowym U\u017cytkownika (komputerze, smartfonie, tablecie itp.). Dzi\u0119ki zapisaniu tych plik\u00f3w na urz\u0105dzeniu mo\u017cliwe jest m. in. zapami\u0119tanie danych logowania, dzi\u0119ki czemu U\u017cytkownik nie b\u0119dzie musia\u0142 ka\u017cdorazowo wpisywa\u0107 loginu i has\u0142a. Pliki te zapami\u0119tuj\u0105 towary dodane do koszyka, czy dostosowuj\u0105 tre\u015bci strony do zainteresowa\u0144 U\u017cytkownika. Dzi\u0119ki plikom cookie mo\u017cliwe jest zbieranie danych statystycznych Sklepu, co umo\u017cliwia nam rozwijanie Sklepu zgodnie z preferencjami naszych Klient\u00f3w.<br><br>Je\u015bli U\u017cytkownik nie zgadza si\u0119 na zapisywanie plik\u00f3w cookies na swoim urz\u0105dzeniu powinien w tym celu odpowiednio skonfigurowa\u0107 ustawienia przegl\u0105darki lub ka\u017cdorazowo po korzystaniu z sklepu usuwa\u0107 z pami\u0119ci przegl\u0105darki zapisane pliki cookies. Nale\u017cy mie\u0107 na wzgl\u0119dzie, \u017ce stosowanie ogranicze\u0144 w zapisywaniu plik\u00f3w cookie, mo\u017ce utrudni\u0107 lub uniemo\u017cliwi\u0107 korzystanie z Sklepu.<br><br>W celu wyra\u017cenia zgody na zapisywanie plik\u00f3w cookies, nale\u017cy wyrazi\u0107 zgod\u0119 widoczn\u0105 w dolnej cz\u0119\u015bci ekranu.<br><br><strong>COOKIES \u201eSKLEPOWE\u201d<\/strong><br>Administrator wykorzystuje tzw. cookie sklepowe przede wszystkim w celu dostarczania U\u017cytkownikowi us\u0142ug \u015bwiadczonych drog\u0105 elektroniczn\u0105 oraz poprawy jako\u015bci tych us\u0142ug. W zwi\u0105zku z tym Administrator oraz inne podmioty \u015bwiadcz\u0105ce na jego rzecz us\u0142ugi analityczne i statystyczne korzystaj\u0105 z plik\u00f3w cookies, przechowuj\u0105c informacje lub uzyskuj\u0105c dost\u0119p do informacji ju\u017c przechowywanych w telekomunikacyjnym urz\u0105dzeniu ko\u0144cowym U\u017cytkownika (komputer, telefon, tablet itp.). Pliki cookies wykorzystywane w tym celu obejmuj\u0105:<br>&#8211; pliki cookies z danymi wprowadzanymi przez U\u017cytkownika (identyfikator sesji) na czas trwania sesji (ang. user input cookies);<br>&nbsp;&#8211; uwierzytelniaj\u0105ce pliki cookies wykorzystywane do us\u0142ug wymagaj\u0105cych uwierzytelniania na czas trwania sesji (ang. authentication cookies);<br>&#8211; pliki cookies s\u0142u\u017c\u0105ce do zapewnienia bezpiecze\u0144stwa, np. wykorzystywane do wykrywania nadu\u017cy\u0107 w zakresie uwierzytelniania (ang. user centric security cookies);<br>&#8211; sesyjne pliki cookies odtwarzaczy multimedialnych (np. pliki cookies odtwarzacza flash), na czas trwania sesji (ang. multimedia player session cookies);<br>&#8211; trwa\u0142e pliki cookies s\u0142u\u017c\u0105ce do personalizacji interfejsu U\u017cytkownika na czas trwania sesji lub nieco d\u0142u\u017cej (ang. user interface customization cookies),<br>&#8211; pliki cookies s\u0142u\u017c\u0105ce do monitorowania ruchu na stronie internetowej, tj. analityki danych, w tym cookies Google Analytics (s\u0105 to pliki wykorzystywane przez sp\u00f3\u0142k\u0119 Google w celu analizy sposobu korzystania ze Sklepu przez U\u017cytkownika, do tworzenia statystyk i raport\u00f3w dotycz\u0105cych funkcjonowania Sklepu).<br><br>Google nie wykorzystuje zebranych danych do identyfikacji U\u017cytkownika ani nie \u0142\u0105czy tych informacji w celu umo\u017cliwienia identyfikacji. Szczeg\u00f3\u0142owe informacje o zakresie i zasadach zbierania danych w zwi\u0105zku z t\u0105 us\u0142ug\u0105 mo\u017cna znale\u017a\u0107 pod linkiem: https:\/\/www.google.com\/intl\/pl\/policies\/privacy\/partners.<br>&nbsp;<br><strong>6. OKRES PRZETWARZANIA DANYCH OSOBOWYCH<\/strong><br><br>Okres przetwarzania danych przez Administratora zale\u017cy od rodzaju \u015bwiadczonej us\u0142ugi i celu przetwarzania. Co do zasady dane przetwarzane s\u0105 przez czas \u015bwiadczenia us\u0142ugi lub realizowania zam\u00f3wienia, do czasu:<br>&#8211; zako\u0144czenia wykonywania umowy, (zlikwidowaniu konta),<br>&#8211; wycofania wyra\u017conej zgody, gdy podstaw\u0105 prawn\u0105 przetwarzania danych jest zgoda U\u017cytkownika lub<br>&#8211; zg\u0142oszenia skutecznego sprzeciwu wzgl\u0119dem przetwarzania danych w przypadkach, gdy podstaw\u0105 prawn\u0105 przetwarzania danych jest uzasadniony interes Administratora.<br><br>Okres przetwarzania danych mo\u017ce by\u0107 ka\u017cdorazowo przed\u0142u\u017cony w przypadku, gdy przetwarzanie jest niezb\u0119dne do ustalenia i dochodzenia ewentualnych roszcze\u0144 lub obrony przed nimi, a po tym czasie jedynie w przypadku i w zakresie, w jakim b\u0119d\u0105 wymaga\u0107 tego przepisy prawa. Po up\u0142ywie okresu przetwarzania dane s\u0105 nieodwracalnie usuwane lub anonimizowane.<br><br><strong>7. UPRAWNIENIA U\u017bYTKOWNIKA<\/strong><br><br>U\u017cytkownikowi przys\u0142uguje prawo: dost\u0119pu do tre\u015bci danych oraz \u017c\u0105dania ich sprostowania, usuni\u0119cia, ograniczenia przetwarzania, prawo do przenoszenia danych oraz prawo wniesienia sprzeciwu wzgl\u0119dem przetwarzania danych, a tak\u017ce prawo wniesienia skargi do organu nadzorczego zajmuj\u0105cego si\u0119 ochron\u0105 danych osobowych.<br><br>W zakresie, w jakim dane U\u017cytkownika przetwarzane s\u0105 na podstawie zgody, mo\u017cna j\u0105 wycofa\u0107 w dowolnym momencie, kontaktuj\u0105c si\u0119 z Administratorem lub korzystaj\u0105c z funkcjonalno\u015bci udost\u0119pnionych przez Administratora, w tym na adres email: biuro@morimedia.pl.<br><br>U\u017cytkownik ma prawo zg\u0142oszenia sprzeciwu wzgl\u0119dem przetwarzania danych dla cel\u00f3w marketingowych, je\u015bli przetwarzanie odbywa si\u0119 w zwi\u0105zku z uzasadnionym interesem Administratora, a tak\u017ce \u2013 z przyczyn zwi\u0105zanych ze szczeg\u00f3ln\u0105 sytuacj\u0105 U\u017cytkownika \u2013 w innych przypadkach, gdy postaw\u0105 prawn\u0105 przetwarzania danych jest uzasadniony interes Administratora (np. w zwi\u0105zku z realizacj\u0105 cel\u00f3w analitycznych i statystycznych).<br><br><strong>8. ODBIORCY DANYCH<\/strong><br><br>W zwi\u0105zku z realizacj\u0105 us\u0142ug dane osobowe b\u0119d\u0105 ujawniane zewn\u0119trznym podmiotom, w tym w szczeg\u00f3lno\u015bci dostawcom odpowiedzialnym za obs\u0142ug\u0119 system\u00f3w informatycznych, podmiotom takim jak banki i operatorzy p\u0142atno\u015bci, podmioty \u015bwiadcz\u0105ce us\u0142ugi ksi\u0119gowe, kurierzy (w zwi\u0105zku z realizacj\u0105 zam\u00f3wienia), agencje marketingowe (w zakresie us\u0142ug marketingowych).<br><br>W przypadku uzyskania zgody U\u017cytkownika jego dane mog\u0105 zosta\u0107 tak\u017ce udost\u0119pnione innym podmiotom do ich w\u0142asnych cel\u00f3w, w tym cel\u00f3w marketingowych.<br><br>Administrator zastrzega sobie prawo ujawnienia wybranych informacji dotycz\u0105cych U\u017cytkownika w\u0142a\u015bciwym organom b\u0105d\u017a osobom trzecim, kt\u00f3re zg\u0142osz\u0105 \u017c\u0105danie udzielenia takich informacji, opieraj\u0105c si\u0119 na odpowiedniej podstawie prawnej oraz zgodnie z przepisami obowi\u0105zuj\u0105cego prawa.<br><br><strong>9. PRZEKAZYWANIE DANYCH POZA EOG<\/strong><br><br>Administrator nie przekazuje danych osobowych poza EOG, a je\u015bli zasz\u0142aby taka konieczno\u015b\u0107 tylko z zapewnieniem odpowiedniego stopnia ochrony, przede wszystkim poprzez:<br>&#8211; wsp\u00f3\u0142prac\u0119 z podmiotami przetwarzaj\u0105cymi dane osobowe w pa\u0144stwach, w odniesieniu do kt\u00f3rych zosta\u0142a wydana stosowna decyzja Komisji Europejskiej;<br>&#8211; stosowanie standardowych klauzul umownych wydanych przez Komisj\u0119 Europejsk\u0105;<br>&#8211; stosowanie wi\u0105\u017c\u0105cych regu\u0142 korporacyjnych, zatwierdzonych przez w\u0142a\u015bciwy organ nadzorczy;<br>&#8211; w razie przekazywania danych do USA \u2013 wsp\u00f3\u0142prac\u0119 z podmiotami uczestnicz\u0105cymi w programie Tarcza Prywatno\u015bci (Privacy Shield), zatwierdzonym decyzj\u0105 Komisji Europejskiej.<br><br><strong>10. BEZPIECZE\u0143STWO DANYCH OSOBOWYCH<\/strong><br><br>Administrator zapewnia bezpiecze\u0144stwo danych osobowych dzi\u0119ki odpowiednim \u015brodkom technicznym oraz organizacyjnym, maj\u0105cym na celu zapobie\u017cenie bezprawnemu przetwarzaniu danych oraz ich przypadkowej utracie, zniszczeniu oraz uszkodzeniu. Ponadto Administrator dok\u0142ada szczeg\u00f3lnej staranno\u015bci, \u017ceby informacje osobowe by\u0142y poprawne i przetwarzane w spos\u00f3b zgodny z prawem, uzyskane tylko dla okre\u015blonych cel\u00f3w i nie przetwarzane dalej w spos\u00f3b niezgodny z tymi celami, adekwatne, odpowiednie i nie nadmiarowe w stosunku do cel\u00f3w ich przetwarzania, dok\u0142adne i aktualne, nie przechowywane d\u0142u\u017cej ni\u017c to niezb\u0119dne, bezpiecznie przechowywane, nie transferowane do pa\u0144stwa spoza Europejskiego Obszaru Gospodarczego bez odpowiedniej ochrony.<br><br>W celu lepszego zabezpieczenia konta U\u017cytkownika rekomendowane jest:<br>&#8211; stosowanie z\u0142o\u017conego has\u0142a zabezpieczaj\u0105cego dost\u0119p do konta uniemo\u017cliwiaj\u0105cego w prosty spos\u00f3b odgadni\u0119cie go przez osoby trzecie. Takie has\u0142o powinno zawiera\u0107 minimum 8 znak\u00f3w, du\u017ce i ma\u0142e litery, cyfry i znaki specjalne;<br>&#8211; zachowanie loginu i has\u0142a do konta Klienta w tajemnicy, w tym w szczeg\u00f3lno\u015bci nieprzekazywanie danych (loginu, has\u0142a) jakimkolwiek osobom trzecim;<br>&#8211; wylogowanie si\u0119 z Sklepu po ka\u017cdej zako\u0144czonej sesji. Samo wy\u0142\u0105czenie okna przegl\u0105darki nie jest r\u00f3wnoznaczne z wylogowaniem si\u0119 ze strony www.morimedia.pl;<br>&#8211; korzystanie z program\u00f3w antywirusowych, w tym regularne skanowaniu dysk\u00f3w w poszukiwaniu wirus\u00f3w;<br>&#8211; korzystanie ze Sklepu wy\u0142\u0105cznie za po\u015brednictwem zaufanych komputer\u00f3w, na kt\u00f3rych zainstalowano wy\u0142\u0105cznie sprawdzone oprogramowanie. Korzystanie z cudzych komputer\u00f3w przez U\u017cytkownika rodzi ryzyko przechwycenia loginu, has\u0142a lub innych danych, kt\u00f3re U\u017cytkownik podaje w trakcie korzystania z konta;<br>&#8211; je\u015bli U\u017cytkownik korzysta ze Sklepu za pomoc\u0105 obcego komputera, np. w kafejce internetowej, nie powinien zapami\u0119tywa\u0107 danych na komputerze i usun\u0105\u0107 histori\u0119 przegl\u0105danych stron.<br><br><strong>11. DANE KONTAKTOWE<\/strong><br><br>Kontakt z Administratorem jest mo\u017cliwy poprzez adres e-mail biuro@morimedia.pl lub adres korespondencyjny: MoriMedia Mateusz Mor ul.Kazimierza 9 62-020 Jasin.<br><br>W zakresie ochrony danych osobowych, oraz korzystania z praw przys\u0142uguj\u0105cych U\u017cytkownikowi w tym zakresie, mo\u017cna skontaktowa\u0107 si\u0119 poprzez e-mail biuro@morimedia.pl.<br><br><strong>12. ZMIANY POLITYKI PRYWATNO\u015aCI<\/strong><br><br>Polityka jest na bie\u017c\u0105co weryfikowana i w razie potrzeby aktualizowana. Aktualna wersja zawsze znajduje si\u0119 na stronach Sklepu.<\/p>","protected":false},"excerpt":{"rendered":"<p>1. DEFINICJE 1.1. Administrator \u2013MoriMedia Mateusz Mor z siedzib\u0105 w Jasinie 62-020 ul. Kazimierza 9. 1.2. Dane osobowe \u2013 wszystkie&#8230;<\/p>\n","protected":false},"author":1,"featured_media":0,"parent":0,"menu_order":0,"comment_status":"closed","ping_status":"closed","template":"","meta":{"_kadence_starter_templates_imported_post":false,"footnotes":""},"class_list":["post-242","page","type-page","status-publish","hentry"],"_links":{"self":[{"href":"https:\/\/morimedia.pl\/index.php\/wp-json\/wp\/v2\/pages\/242","targetHints":{"allow":["GET"]}}],"collection":[{"href":"https:\/\/morimedia.pl\/index.php\/wp-json\/wp\/v2\/pages"}],"about":[{"href":"https:\/\/morimedia.pl\/index.php\/wp-json\/wp\/v2\/types\/page"}],"author":[{"embeddable":true,"href":"https:\/\/morimedia.pl\/index.php\/wp-json\/wp\/v2\/users\/1"}],"replies":[{"embeddable":true,"href":"https:\/\/morimedia.pl\/index.php\/wp-json\/wp\/v2\/comments?post=242"}],"version-history":[{"count":1,"href":"https:\/\/morimedia.pl\/index.php\/wp-json\/wp\/v2\/pages\/242\/revisions"}],"predecessor-version":[{"id":243,"href":"https:\/\/morimedia.pl\/index.php\/wp-json\/wp\/v2\/pages\/242\/revisions\/243"}],"wp:attachment":[{"href":"https:\/\/morimedia.pl\/index.php\/wp-json\/wp\/v2\/media?parent=242"}],"curies":[{"name":"wp","href":"https:\/\/api.w.org\/{rel}","templated":true}]}}