{"id":299,"date":"2025-03-19T00:02:08","date_gmt":"2025-03-18T23:02:08","guid":{"rendered":"https:\/\/morimedia.pl\/?page_id=299"},"modified":"2025-03-19T00:02:09","modified_gmt":"2025-03-18T23:02:09","slug":"wysylka","status":"publish","type":"page","link":"https:\/\/morimedia.pl\/index.php\/wysylka\/","title":{"rendered":"Wysy\u0142ka"},"content":{"rendered":"<p>Zam\u00f3wienia wysy\u0142ane s\u0105 kurierem po op\u0142aceniu pe\u0142nej kwoty zam\u00f3wienia. <\/p><p>Istnieje te\u017c mo\u017cliwo\u015b\u0107 wysy\u0142ki za pobraniem w\u00f3wczas zam\u00f3wienie jest od razu przekazywane do realizacji.<\/p><p>Zam\u00f3wienia staramy si\u0119 realizowa\u0107 na bie\u017c\u0105co. Wi\u0119kszo\u015b\u0107 zam\u00f3wie\u0144 jest realizowana w ci\u0105gu 2 dni. W przypadku zam\u00f3wie\u0144 na etykiety z nadrukiem czas realizacji mo\u017ce si\u0119 wyd\u0142u\u017cy\u0107.<\/p><p>Jest mo\u017cliwo\u015b\u0107 odbioru osobistego w siedzibie firmy, najlepiej po wcze\u015bniejszej informacji o planowanym odbiorze.<\/p>","protected":false},"excerpt":{"rendered":"<p>Zam\u00f3wienia wysy\u0142ane s\u0105 kurierem po op\u0142aceniu pe\u0142nej kwoty zam\u00f3wienia. Istnieje te\u017c mo\u017cliwo\u015b\u0107 wysy\u0142ki za pobraniem w\u00f3wczas zam\u00f3wienie jest od razu&#8230;<\/p>\n","protected":false},"author":1,"featured_media":0,"parent":0,"menu_order":0,"comment_status":"closed","ping_status":"closed","template":"","meta":{"_kadence_starter_templates_imported_post":false,"footnotes":""},"class_list":["post-299","page","type-page","status-publish","hentry"],"_links":{"self":[{"href":"https:\/\/morimedia.pl\/index.php\/wp-json\/wp\/v2\/pages\/299","targetHints":{"allow":["GET"]}}],"collection":[{"href":"https:\/\/morimedia.pl\/index.php\/wp-json\/wp\/v2\/pages"}],"about":[{"href":"https:\/\/morimedia.pl\/index.php\/wp-json\/wp\/v2\/types\/page"}],"author":[{"embeddable":true,"href":"https:\/\/morimedia.pl\/index.php\/wp-json\/wp\/v2\/users\/1"}],"replies":[{"embeddable":true,"href":"https:\/\/morimedia.pl\/index.php\/wp-json\/wp\/v2\/comments?post=299"}],"version-history":[{"count":1,"href":"https:\/\/morimedia.pl\/index.php\/wp-json\/wp\/v2\/pages\/299\/revisions"}],"predecessor-version":[{"id":300,"href":"https:\/\/morimedia.pl\/index.php\/wp-json\/wp\/v2\/pages\/299\/revisions\/300"}],"wp:attachment":[{"href":"https:\/\/morimedia.pl\/index.php\/wp-json\/wp\/v2\/media?parent=299"}],"curies":[{"name":"wp","href":"https:\/\/api.w.org\/{rel}","templated":true}]}}