{"id":62,"date":"2025-02-16T17:54:13","date_gmt":"2025-02-16T16:54:13","guid":{"rendered":"http:\/\/hosting2284170.online.pro\/autoinstalator\/wordpress\/?page_id=62"},"modified":"2025-02-16T19:44:58","modified_gmt":"2025-02-16T18:44:58","slug":"addax-kompleksowa-obsluga-szkolki","status":"publish","type":"page","link":"https:\/\/morimedia.pl\/index.php\/addax-kompleksowa-obsluga-szkolki\/","title":{"rendered":"Addax &#8211; kompleksowa obs\u0142uga szk\u00f3\u0142ki"},"content":{"rendered":"<p>Program Addax dedykowany jest firmom zwolnionym z podatku VAT (je\u015bli jeste\u015b p\u0142atnikiem podatku VAT odpowiedni dla Ciebie b\u0119dzie program <a href=\"http:\/\/morimedia.pl\/addaxplus.html\">Addax Plus<\/a>). Addax stanowi kompleksow\u0105 obs\u0142ug\u0119 szk\u00f3\u0142ki ro\u015blin &#8211; w jednym programie zebrane zosta\u0142o wszystko czego potrzebujesz. Dzi\u0119ki niemu nie tylko wystawisz rachunek ale i sporz\u0105dzisz ofert\u0119 cenow\u0105, zarz\u0105dzisz p\u0142atno\u015bciami i wydrukujesz wszelkiego rodzaju etykiety. Program u\u0142atwi obs\u0142ug\u0119 klienta. W oparciu o Katalog ro\u015blin b\u0119dziesz m\u00f3g\u0142 z pomoc\u0105 zaawansowanego narz\u0119dzia filtracji wyszuka\u0107 ro\u015blin\u0119, kt\u00f3r\u0105 potrzebuje Tw\u00f3j klient.<\/p><p><strong>Podstawowe funkcje programu:<\/strong><\/p><ul class=\"wp-block-list\"><li>mo\u017cliwo\u015b\u0107 obs\u0142ugi programu przez nieograniczon\u0105 liczb\u0119 os\u00f3b dzi\u0119ki mo\u017cliwo\u015bci tworzenia u\u017cytkownik\u00f3w o r\u00f3\u017cnych uprawnieniach<\/li>\n\n<li>mo\u017cliwo\u015b\u0107 automatycznego wylogowywania u\u017cytkownika po zdefiniowanym czasie bezczynno\u015bci<\/li>\n\n<li>rozbudowana baza klient\u00f3w<\/li>\n\n<li> bardzo rozbudowana baza ro\u015blin<\/li>\n\n<li>\u0142atwo\u015b\u0107 samodzielnego tworzenia zaawansowanego katalogu ro\u015blin (istnieje r\u00f3wnie\u017c mo\u017cliwo\u015b\u0107 zakupienia u nas gotowego <a href=\"http:\/\/morimedia.pl\/katalogroslin.html\">katalogu ro\u015blin<\/a>, do kt\u00f3rego b\u0119dzie mo\u017cna dodawa\u0107 w\u0142asne pozycje katalogowe) <\/li>\n\n<li>zaawansowane narz\u0119dzie filtracji w katalogu ro\u015blin<\/li>\n\n<li>wykonywanie kopi zapasowej bazy danych programu<\/li>\n\n<li>wgrywanie kopi zapasowej bazy danych programu<\/li>\n\n<li>eksport danych do pliku programu Excel<\/li>\n\n<li>szybkie wystawianie rachunk\u00f3w + inteligentne podpowiedzi w oparciu o baz\u0119 klient\u00f3w, baz\u0119 ro\u015blin i katalog ro\u015blin oraz ofert\u0119 cenow\u0105 <\/li>\n\n<li>definiowanie formatu numeracji dokument\u00f3w: w skali roku lub miesi\u0119cznie<\/li>\n\n<li>automatyczna numeracja dokument\u00f3w<\/li>\n\n<li>dodawanie logo firmowego do wystawianych dokument\u00f3w<\/li>\n\n<li>pole dodatkowych informacji w rachunku<\/li>\n\n<li>kontrola poprawno\u015bci NIP <\/li>\n\n<li>eksport listy rachunk\u00f3w do pliku<\/li>\n\n<li>wy\u015bwietlanie listy rachunk\u00f3w wybranego klienta<\/li>\n\n<li>mo\u017cliwo\u015b\u0107 cz\u0119\u015bciowego op\u0142acenia rachunku got\u00f3wk\u0105 z oznaczeniem pozosta\u0142o\u015bci do zap\u0142acenia w odroczonym terminie<\/li>\n\n<li>mo\u017cliwo\u015b\u0107 udzielania r\u00f3\u017cnych rabat\u00f3w od poszczeg\u00f3lnych towar\u00f3w w wystawianym dokumencie sprzeda\u017cy<\/li>\n\n<li>automatyczne obliczanie reszty przy p\u0142atno\u015bci got\u00f3wk\u0105<\/li>\n\n<li>szybkie sporz\u0105dzanie oferty cenowej<\/li>\n\n<li>eksport oferty cenowej do pliku<\/li>\n\n<li>zarz\u0105dzanie p\u0142atno\u015bciami<\/li>\n\n<li> pe\u0142na kontrola rozlicze\u0144 z klientami dzi\u0119ki automatycznemu okre\u015blaniu statusu rachunku (zap\u0142acony, niezap\u0142acony, zaleg\u0142y) <\/li>\n\n<li>eksport listy rachunk\u00f3w wed\u0142ug statusu (zap\u0142acony, niezap\u0142acony, zaleg\u0142y) <\/li>\n\n<li>b\u0142yskawiczne oznaczanie rachunk\u00f3w jako zap\u0142aconych przelewem<\/li>\n\n<li>b\u0142yskawiczne oznaczanie rachunk\u00f3w jako zap\u0142aconych got\u00f3wk\u0105 + drukowanie KP<\/li>\n\n<li>mo\u017cliwo\u015b\u0107 wystawiania dokument\u00f3w kasowych:<br>&#8211; KP &#8211; kasa przyjmie<br>&#8211; KW &#8211; kasa wyp\u0142aci<br>&#8211; Duplikat<\/li>\n\n<li>mo\u017cliwo\u015b\u0107 przypisywania rabat\u00f3w wybranym klientom<\/li>\n\n<li>samodzielne projektowanie etykiet<\/li>\n\n<li>ekspresowe drukowanie etykiet<\/li>\n\n<li>zbiorcze drukowanie du\u017cego nak\u0142adu etykiet<\/li><\/ul><p><strong>Przy zakupie programu otrzymasz:<\/strong><\/p><ul class=\"wp-block-list\"><li>do\u017cywotni\u0105 licencj\u0119 3-stanowiskow\u0105 na program<\/li>\n\n<li>szczeg\u00f3\u0142ow\u0105 instrukcj\u0119 instalacji<\/li>\n\n<li>szczeg\u00f3\u0142ow\u0105 instrukcj\u0119 u\u017cytkowania<\/li><\/ul><p><strong>Przyk\u0142adowe zrzuty ekranu<\/strong>:<\/p><figure class=\"wp-block-gallery has-nested-images columns-default is-cropped wp-block-gallery-1 is-layout-flex wp-block-gallery-is-layout-flex\"><figure class=\"wp-block-image size-large\"><img loading=\"lazy\" decoding=\"async\" width=\"1024\" height=\"616\" data-id=\"63\" src=\"http:\/\/hosting2284170.online.pro\/autoinstalator\/wordpress\/wp-content\/uploads\/2025\/02\/Screen1-1024x616.png\" alt=\"\" class=\"wp-image-63\" srcset=\"https:\/\/morimedia.pl\/wp-content\/uploads\/2025\/02\/Screen1-1024x616.png 1024w, https:\/\/morimedia.pl\/wp-content\/uploads\/2025\/02\/Screen1-600x361.png 600w, https:\/\/morimedia.pl\/wp-content\/uploads\/2025\/02\/Screen1-300x180.png 300w, https:\/\/morimedia.pl\/wp-content\/uploads\/2025\/02\/Screen1-768x462.png 768w, https:\/\/morimedia.pl\/wp-content\/uploads\/2025\/02\/Screen1-1536x923.png 1536w, https:\/\/morimedia.pl\/wp-content\/uploads\/2025\/02\/Screen1.png 1680w\" sizes=\"auto, (max-width: 1024px) 100vw, 1024px\" \/><\/figure>\n\n<figure class=\"wp-block-image size-large\"><img loading=\"lazy\" decoding=\"async\" width=\"848\" height=\"528\" data-id=\"64\" src=\"http:\/\/hosting2284170.online.pro\/autoinstalator\/wordpress\/wp-content\/uploads\/2025\/02\/Screen2.png\" alt=\"\" class=\"wp-image-64\" srcset=\"https:\/\/morimedia.pl\/wp-content\/uploads\/2025\/02\/Screen2.png 848w, https:\/\/morimedia.pl\/wp-content\/uploads\/2025\/02\/Screen2-600x374.png 600w, https:\/\/morimedia.pl\/wp-content\/uploads\/2025\/02\/Screen2-300x187.png 300w, https:\/\/morimedia.pl\/wp-content\/uploads\/2025\/02\/Screen2-768x478.png 768w\" sizes=\"auto, (max-width: 848px) 100vw, 848px\" \/><\/figure>\n\n<figure class=\"wp-block-image size-large\"><img loading=\"lazy\" decoding=\"async\" width=\"1024\" height=\"616\" data-id=\"65\" src=\"http:\/\/hosting2284170.online.pro\/autoinstalator\/wordpress\/wp-content\/uploads\/2025\/02\/Screen6-1024x616.png\" alt=\"\" class=\"wp-image-65\" srcset=\"https:\/\/morimedia.pl\/wp-content\/uploads\/2025\/02\/Screen6-1024x616.png 1024w, https:\/\/morimedia.pl\/wp-content\/uploads\/2025\/02\/Screen6-600x361.png 600w, https:\/\/morimedia.pl\/wp-content\/uploads\/2025\/02\/Screen6-300x180.png 300w, https:\/\/morimedia.pl\/wp-content\/uploads\/2025\/02\/Screen6-768x462.png 768w, https:\/\/morimedia.pl\/wp-content\/uploads\/2025\/02\/Screen6-1536x923.png 1536w, https:\/\/morimedia.pl\/wp-content\/uploads\/2025\/02\/Screen6.png 1680w\" sizes=\"auto, (max-width: 1024px) 100vw, 1024px\" \/><\/figure>\n\n<figure class=\"wp-block-image size-large\"><img loading=\"lazy\" decoding=\"async\" width=\"1024\" height=\"615\" data-id=\"53\" src=\"http:\/\/hosting2284170.online.pro\/autoinstalator\/wordpress\/wp-content\/uploads\/2025\/02\/Screen5-1024x615.png\" alt=\"\" class=\"wp-image-53\" srcset=\"https:\/\/morimedia.pl\/wp-content\/uploads\/2025\/02\/Screen5-1024x615.png 1024w, https:\/\/morimedia.pl\/wp-content\/uploads\/2025\/02\/Screen5-600x360.png 600w, https:\/\/morimedia.pl\/wp-content\/uploads\/2025\/02\/Screen5-300x180.png 300w, https:\/\/morimedia.pl\/wp-content\/uploads\/2025\/02\/Screen5-768x461.png 768w, https:\/\/morimedia.pl\/wp-content\/uploads\/2025\/02\/Screen5-1536x923.png 1536w, https:\/\/morimedia.pl\/wp-content\/uploads\/2025\/02\/Screen5.png 1680w\" sizes=\"auto, (max-width: 1024px) 100vw, 1024px\" \/><\/figure>\n\n<figure class=\"wp-block-image size-large\"><img loading=\"lazy\" decoding=\"async\" width=\"1024\" height=\"614\" data-id=\"52\" src=\"http:\/\/hosting2284170.online.pro\/autoinstalator\/wordpress\/wp-content\/uploads\/2025\/02\/Screen4-1024x614.png\" alt=\"\" class=\"wp-image-52\" srcset=\"https:\/\/morimedia.pl\/wp-content\/uploads\/2025\/02\/Screen4-1024x614.png 1024w, https:\/\/morimedia.pl\/wp-content\/uploads\/2025\/02\/Screen4-600x360.png 600w, https:\/\/morimedia.pl\/wp-content\/uploads\/2025\/02\/Screen4-300x180.png 300w, https:\/\/morimedia.pl\/wp-content\/uploads\/2025\/02\/Screen4-768x461.png 768w, https:\/\/morimedia.pl\/wp-content\/uploads\/2025\/02\/Screen4-1536x922.png 1536w, https:\/\/morimedia.pl\/wp-content\/uploads\/2025\/02\/Screen4.png 1680w\" sizes=\"auto, (max-width: 1024px) 100vw, 1024px\" \/><\/figure>\n\n<figure class=\"wp-block-image size-large\"><img loading=\"lazy\" decoding=\"async\" width=\"1024\" height=\"672\" data-id=\"50\" src=\"http:\/\/hosting2284170.online.pro\/autoinstalator\/wordpress\/wp-content\/uploads\/2025\/02\/Screen8-1024x672.png\" alt=\"\" class=\"wp-image-50\" srcset=\"https:\/\/morimedia.pl\/wp-content\/uploads\/2025\/02\/Screen8-1024x672.png 1024w, https:\/\/morimedia.pl\/wp-content\/uploads\/2025\/02\/Screen8-600x394.png 600w, https:\/\/morimedia.pl\/wp-content\/uploads\/2025\/02\/Screen8-300x197.png 300w, https:\/\/morimedia.pl\/wp-content\/uploads\/2025\/02\/Screen8-768x504.png 768w, https:\/\/morimedia.pl\/wp-content\/uploads\/2025\/02\/Screen8.png 1384w\" sizes=\"auto, (max-width: 1024px) 100vw, 1024px\" \/><\/figure><\/figure><p><strong>Wymagania systemowe i sprz\u0119towe<\/strong>:<br>&#8211; System Microsoft Windows Windows Vista (SP1) lub nowszy<br>&#8211; Microsoft .NET Framework 4.8 &#8211; darmowe \u015brodowisko uruchomieniowe<br>&#8211; minimum 512MB pami\u0119ci RAM<br>&#8211; minimum 100 MB wolnego miejsca na dysku twardym<br>&#8211; dost\u0119p do internetu w czasie instalacji (nie jest wymagany w trakcie u\u017cytkowania)<\/p><p><\/p>","protected":false},"excerpt":{"rendered":"<p>Program Addax dedykowany jest firmom zwolnionym z podatku VAT (je\u015bli jeste\u015b p\u0142atnikiem podatku VAT odpowiedni dla Ciebie b\u0119dzie program Addax&#8230;<\/p>\n","protected":false},"author":1,"featured_media":0,"parent":0,"menu_order":0,"comment_status":"closed","ping_status":"closed","template":"","meta":{"_kadence_starter_templates_imported_post":false,"footnotes":""},"class_list":["post-62","page","type-page","status-publish","hentry"],"_links":{"self":[{"href":"https:\/\/morimedia.pl\/index.php\/wp-json\/wp\/v2\/pages\/62","targetHints":{"allow":["GET"]}}],"collection":[{"href":"https:\/\/morimedia.pl\/index.php\/wp-json\/wp\/v2\/pages"}],"about":[{"href":"https:\/\/morimedia.pl\/index.php\/wp-json\/wp\/v2\/types\/page"}],"author":[{"embeddable":true,"href":"https:\/\/morimedia.pl\/index.php\/wp-json\/wp\/v2\/users\/1"}],"replies":[{"embeddable":true,"href":"https:\/\/morimedia.pl\/index.php\/wp-json\/wp\/v2\/comments?post=62"}],"version-history":[{"count":2,"href":"https:\/\/morimedia.pl\/index.php\/wp-json\/wp\/v2\/pages\/62\/revisions"}],"predecessor-version":[{"id":117,"href":"https:\/\/morimedia.pl\/index.php\/wp-json\/wp\/v2\/pages\/62\/revisions\/117"}],"wp:attachment":[{"href":"https:\/\/morimedia.pl\/index.php\/wp-json\/wp\/v2\/media?parent=62"}],"curies":[{"name":"wp","href":"https:\/\/api.w.org\/{rel}","templated":true}]}}