{"id":120,"date":"2025-02-17T22:37:09","date_gmt":"2025-02-17T21:37:09","guid":{"rendered":"http:\/\/hosting2284170.online.pro\/autoinstalator\/wordpress\/?post_type=product&#038;p=120"},"modified":"2025-11-16T15:43:01","modified_gmt":"2025-11-16T14:43:01","slug":"tabliczki-o-20-szt","status":"publish","type":"product","link":"https:\/\/morimedia.pl\/index.php\/produkt\/tabliczki-o-20-szt\/","title":{"rendered":"Tabliczki O 20 szt"},"content":{"rendered":"<div class=\"mp4t_16_s mryx_16_s mr3m_1 mli2_1 mh85_56 mh85_0_l\">\n<div class=\"mgn2_16 _0d3bd_am0a-\">\n<p>Tabliczki plastikowe prezentacyjne cenowe do opisu ro\u015blin i innych towar\u00f3w.<\/p>\n<p><b>Tabliczki wykonane z wysokiej jako\u015bci plastiku odpornego na s\u0142o\u0144ce i wod\u0119.<\/b><\/p>\n<p>Wysoka jako\u015b\u0107 wykonania sprawia \u017ce doskonale nadaj\u0105 si\u0119 do oznaczanie wszelkiego rodzaju towar\u00f3w. Materia\u0142 jest gi\u0119tki i lekki. Bez problemu mo\u017cna wbi\u0107 je w ziemi\u0119 czy trawnik. Tabliczki s\u0105 proste, p\u0142askie.<\/p><\/div>\n<div class=\"mgn2_16 _0d3bd_am0a-\">Mo\u017cliwe jest wykonanie napisu pisakiem lub przyklejenie etykiety z odpowiedni\u0105 informacj\u0105.Tabliczki sprzedawane s\u0105 w paczkach po 20 szt.<b>Specyfikacja Tabliczki O:<\/b><\/p>\n<ul>\n<li>Wysoko\u015b\u0107 ca\u0142kowita: 18cm<\/li>\n<li>D\u0142ugo\u015b\u0107 n\u00f3\u017cki: 13,5cm<\/li>\n<li>Wymiary frontu tabliczki: 6,5&#215;4,5cm<\/li>\n<li>Ilo\u015b\u0107 w paczce: 20 sztuk<\/li>\n<li>Kolor: Bia\u0142y<\/li>\n<\/ul>\n<\/div>\n<\/div>\n","protected":false},"excerpt":{"rendered":"<p>Komplet 20 szt tabliczek O.<\/p>\n","protected":false},"featured_media":90,"comment_status":"open","ping_status":"closed","template":"","meta":{"_kadence_starter_templates_imported_post":false},"product_brand":[23],"product_cat":[16],"product_tag":[18,17],"class_list":{"0":"post-120","1":"product","2":"type-product","3":"status-publish","4":"has-post-thumbnail","6":"product_brand-morimedia","7":"product_cat-tabliczki-cenowe","8":"product_tag-plastikowa","9":"product_tag-tabliczka","10":"product_shipping_class-tabliczki","12":"first","13":"instock","14":"taxable","15":"shipping-taxable","16":"purchasable","17":"product-type-simple"},"_links":{"self":[{"href":"https:\/\/morimedia.pl\/index.php\/wp-json\/wp\/v2\/product\/120","targetHints":{"allow":["GET"]}}],"collection":[{"href":"https:\/\/morimedia.pl\/index.php\/wp-json\/wp\/v2\/product"}],"about":[{"href":"https:\/\/morimedia.pl\/index.php\/wp-json\/wp\/v2\/types\/product"}],"replies":[{"embeddable":true,"href":"https:\/\/morimedia.pl\/index.php\/wp-json\/wp\/v2\/comments?post=120"}],"wp:featuredmedia":[{"embeddable":true,"href":"https:\/\/morimedia.pl\/index.php\/wp-json\/wp\/v2\/media\/90"}],"wp:attachment":[{"href":"https:\/\/morimedia.pl\/index.php\/wp-json\/wp\/v2\/media?parent=120"}],"wp:term":[{"taxonomy":"product_brand","embeddable":true,"href":"https:\/\/morimedia.pl\/index.php\/wp-json\/wp\/v2\/product_brand?post=120"},{"taxonomy":"product_cat","embeddable":true,"href":"https:\/\/morimedia.pl\/index.php\/wp-json\/wp\/v2\/product_cat?post=120"},{"taxonomy":"product_tag","embeddable":true,"href":"https:\/\/morimedia.pl\/index.php\/wp-json\/wp\/v2\/product_tag?post=120"}],"curies":[{"name":"wp","href":"https:\/\/api.w.org\/{rel}","templated":true}]}}