{"id":122,"date":"2025-02-17T22:50:28","date_gmt":"2025-02-17T21:50:28","guid":{"rendered":"http:\/\/hosting2284170.online.pro\/autoinstalator\/wordpress\/?post_type=product&#038;p=122"},"modified":"2025-11-16T15:42:04","modified_gmt":"2025-11-16T14:42:04","slug":"tabliczka-l-zolta","status":"publish","type":"product","link":"https:\/\/morimedia.pl\/index.php\/produkt\/tabliczka-l-zolta\/","title":{"rendered":"Tabliczka L \u017b\u00f3\u0142ta"},"content":{"rendered":"<div class=\"mpof_ki myre_zn myre_8v_l m389_6m_l\">\n<div class=\"mp4t_16_s mryx_16_s mr3m_1 mli2_1 mh85_56 mh85_0_l\">\n<div class=\"mgn2_16 _0d3bd_am0a-\">\n<h2>Tabliczki plastikowe prezentacyjne cenowe do opisu ro\u015blin i innych towar\u00f3w. Dost\u0119pne w \u017c\u00f3\u0142tym kolorze.<\/h2>\n<p>Tabliczki wykonane z wysokiej jako\u015bci plastiku odpornego na s\u0142o\u0144ce i wod\u0119.<\/p>\n<p>Wysoka jako\u015b\u0107 wykonania sprawia \u017ce doskonale nadaj\u0105 si\u0119 do oznaczanie wszelkiego rodzaju towar\u00f3w. Materia\u0142 jest gi\u0119tki i lekki. Bez problemu mo\u017cna wbi\u0107 je w ziemi\u0119 czy trawnik. Powierzchnia prezentacyjna nachylona pod k\u0105tem 45 stopni pozwala na \u0142atwe odczytanie tre\u015bci przez przechodz\u0105cych klient\u00f3w.<\/p>\n<p>Mo\u017cliwe jest wykonanie napisu pisakiem lub przyklejenie etykiety z odpowiedni\u0105 informacj\u0105.<\/p>\n<p>&nbsp;<\/p>\n<\/div>\n<\/div>\n<div class=\"mp4t_16_s mryx_16_s mr3m_1 mli2_1 mh85_56 mh85_0_l\">\n<div class=\"mg9e_8 mj7a_8 mg9e_0_s mvrt_0_s mj7a_0_s mh36_0_s mzmg_6m munh_16_l m3h2_16_l\">\n<div class=\"mp4t_0 mryx_0 munh_56 m3h2_56\">\n<div class=\"mp7g_oh\"><\/div>\n<\/div>\n<\/div>\n<\/div>\n<\/div>\n<div class=\"mpof_ki myre_zn myre_8v_l m389_6m_l\">\n<div class=\"mp4t_16_s mryx_16_s mr3m_1 mli2_1 mh85_56 mh85_0_l\">\n<div class=\"mgn2_16 _0d3bd_am0a-\">\n<ul>\n<li>Wysoko\u015b\u0107 ca\u0142kowita: 50cm<\/li>\n<li>D\u0142ugo\u015b\u0107 n\u00f3\u017cki: 40cm<\/li>\n<li>Wymiary frontu tabliczki: 10,5x16cm<\/li>\n<li>Kolor: \u017b\u00f3\u0142ty<\/li>\n<\/ul>\n<\/div>\n<\/div>\n<\/div>\n","protected":false},"excerpt":{"rendered":"<p>Tabliczka L w kolorze \u017c\u00f3\u0142tym, wysoko\u015b\u0107 50cm<\/p>\n","protected":false},"featured_media":99,"comment_status":"open","ping_status":"closed","template":"","meta":{"_kadence_starter_templates_imported_post":false},"product_brand":[23],"product_cat":[16],"product_tag":[18,20,17],"class_list":{"0":"post-122","1":"product","2":"type-product","3":"status-publish","4":"has-post-thumbnail","6":"product_brand-morimedia","7":"product_cat-tabliczki-cenowe","8":"product_tag-plastikowa","9":"product_tag-rozmiar-l","10":"product_tag-tabliczka","11":"product_shipping_class-tabliczki","13":"first","14":"instock","15":"taxable","16":"shipping-taxable","17":"purchasable","18":"product-type-simple"},"_links":{"self":[{"href":"https:\/\/morimedia.pl\/index.php\/wp-json\/wp\/v2\/product\/122","targetHints":{"allow":["GET"]}}],"collection":[{"href":"https:\/\/morimedia.pl\/index.php\/wp-json\/wp\/v2\/product"}],"about":[{"href":"https:\/\/morimedia.pl\/index.php\/wp-json\/wp\/v2\/types\/product"}],"replies":[{"embeddable":true,"href":"https:\/\/morimedia.pl\/index.php\/wp-json\/wp\/v2\/comments?post=122"}],"wp:featuredmedia":[{"embeddable":true,"href":"https:\/\/morimedia.pl\/index.php\/wp-json\/wp\/v2\/media\/99"}],"wp:attachment":[{"href":"https:\/\/morimedia.pl\/index.php\/wp-json\/wp\/v2\/media?parent=122"}],"wp:term":[{"taxonomy":"product_brand","embeddable":true,"href":"https:\/\/morimedia.pl\/index.php\/wp-json\/wp\/v2\/product_brand?post=122"},{"taxonomy":"product_cat","embeddable":true,"href":"https:\/\/morimedia.pl\/index.php\/wp-json\/wp\/v2\/product_cat?post=122"},{"taxonomy":"product_tag","embeddable":true,"href":"https:\/\/morimedia.pl\/index.php\/wp-json\/wp\/v2\/product_tag?post=122"}],"curies":[{"name":"wp","href":"https:\/\/api.w.org\/{rel}","templated":true}]}}