{"id":169,"date":"2025-02-19T00:39:21","date_gmt":"2025-02-18T23:39:21","guid":{"rendered":"http:\/\/hosting2284170.online.pro\/autoinstalator\/wordpress\/?post_type=product&#038;p=169"},"modified":"2025-11-16T15:39:59","modified_gmt":"2025-11-16T14:39:59","slug":"etykiety-wtykane-do-roslin-strzalki-1000-szt","status":"publish","type":"product","link":"https:\/\/morimedia.pl\/index.php\/produkt\/etykiety-wtykane-do-roslin-strzalki-1000-szt\/","title":{"rendered":"Etykiety wtykane do ro\u015blin strza\u0142ki 1000 szt"},"content":{"rendered":"<div class=\"mp4t_16_s mryx_16_s mr3m_1 mli2_1 mh85_56 mh85_0_l\">\n<div class=\"mgn2_16 _0d3bd_am0a-\">\n<h4>Etykiety termotransferowe wtykane strza\u0142kowe.<\/h4>\n<p>Wykonane s\u0105 z materia\u0142\u00f3w w 100% odpornych na warunki atmosferyczne.<\/p>\n<p>Jest to elastyczny plastik, kt\u00f3ry nie ma mo\u017cliwo\u015bci aby rozm\u00f3k\u0142 czy zmarszczy\u0142 si\u0119 w wyniku dzia\u0142ania wody. Rodzaj materia\u0142u gwarantuje rozrywanie dok\u0142adnie wed\u0142ug perforacji. Etykiety nie p\u0119kaj\u0105 podczas rozrywania. S\u0105 do\u015b\u0107 grube i sztywne, mo\u017cna je wbi\u0107 w miekk\u0105 ziemi\u0119 lub wsun\u0105\u0107 przy kraw\u0119dzi doniczki\/ multiplatu. Lekkie wygi\u0119cie w \u0142uk po szeroko\u015bci u\u0142atwia wsuwanie.<\/p>\n<p><b>Specyfikacja:<\/b><\/p>\n<ul>\n<li>Wymiary: 24 x 114 mm.<\/li>\n<li>Ilo\u015b\u0107 na rolce: 1000 sztuk<\/li>\n<li>Liczba etykiet w rz\u0119dzie: 1<\/li>\n<li>Szeroko\u015b\u0107 rolki: 114mm<\/li>\n<li>\u015brednica gilzy: ok 40mm.<\/li>\n<li>Etykiety czyste bez zadruku<\/li>\n<\/ul>\n<p>Pozwalaj\u0105 na wykonanie nadruku termotransferowego (mo\u017cemy r\u00f3wnie\u017c wykona\u0107 nadruk na zam\u00f3wienie) lub dowolnego napisu pisakiem lub markerem.<\/p>\n<p>Doskonale nadaj\u0105 si\u0119 do oznaczania wszelkiego rodzaju materia\u0142\u00f3w. Ich g\u0142\u00f3wnym zastosowanie jest oznaczanie ro\u015blin poprzez wetkni\u0119cie etykiety w ziemi\u0119 lub w doniczk\u0119. Doskona\u0142a metoda na informowanie klient\u00f3w o odmianie \/ cenie \/ charakterystyce ro\u015bliny.<\/p>\n<\/div>\n<\/div>\n","protected":false},"excerpt":{"rendered":"<p>Etykiety termotransferowe wtykane strza\u0142kowe. Wykonane s\u0105 z materia\u0142\u00f3w w 100% odpornych na warunki atmosferyczne. Jest to elastyczny plastik, kt\u00f3ry nie&#8230;<\/p>\n","protected":false},"featured_media":166,"comment_status":"open","ping_status":"closed","template":"","meta":{"_kadence_starter_templates_imported_post":false},"product_brand":[23],"product_cat":[34],"product_tag":[39,45,29,30,44],"class_list":{"0":"post-169","1":"product","2":"type-product","3":"status-publish","4":"has-post-thumbnail","6":"product_brand-morimedia","7":"product_cat-wtykane","8":"product_tag-etykiety","9":"product_tag-plastikowe","10":"product_tag-strzalka","11":"product_tag-strzalki","12":"product_tag-termotransferowe","14":"first","15":"instock","16":"taxable","17":"shipping-taxable","18":"purchasable","19":"product-type-simple"},"_links":{"self":[{"href":"https:\/\/morimedia.pl\/index.php\/wp-json\/wp\/v2\/product\/169","targetHints":{"allow":["GET"]}}],"collection":[{"href":"https:\/\/morimedia.pl\/index.php\/wp-json\/wp\/v2\/product"}],"about":[{"href":"https:\/\/morimedia.pl\/index.php\/wp-json\/wp\/v2\/types\/product"}],"replies":[{"embeddable":true,"href":"https:\/\/morimedia.pl\/index.php\/wp-json\/wp\/v2\/comments?post=169"}],"wp:featuredmedia":[{"embeddable":true,"href":"https:\/\/morimedia.pl\/index.php\/wp-json\/wp\/v2\/media\/166"}],"wp:attachment":[{"href":"https:\/\/morimedia.pl\/index.php\/wp-json\/wp\/v2\/media?parent=169"}],"wp:term":[{"taxonomy":"product_brand","embeddable":true,"href":"https:\/\/morimedia.pl\/index.php\/wp-json\/wp\/v2\/product_brand?post=169"},{"taxonomy":"product_cat","embeddable":true,"href":"https:\/\/morimedia.pl\/index.php\/wp-json\/wp\/v2\/product_cat?post=169"},{"taxonomy":"product_tag","embeddable":true,"href":"https:\/\/morimedia.pl\/index.php\/wp-json\/wp\/v2\/product_tag?post=169"}],"curies":[{"name":"wp","href":"https:\/\/api.w.org\/{rel}","templated":true}]}}