{"id":176,"date":"2025-02-19T22:11:39","date_gmt":"2025-02-19T21:11:39","guid":{"rendered":"http:\/\/hosting2284170.online.pro\/autoinstalator\/wordpress\/?post_type=product&#038;p=176"},"modified":"2025-11-16T15:38:30","modified_gmt":"2025-11-16T14:38:30","slug":"etykiety-petlowe-szkolkarskie-25x250mm-1000szt","status":"publish","type":"product","link":"https:\/\/morimedia.pl\/index.php\/produkt\/etykiety-petlowe-szkolkarskie-25x250mm-1000szt\/","title":{"rendered":"Etykiety p\u0119tlowe szk\u00f3\u0142karskie 25x250mm 1000szt"},"content":{"rendered":"<div class=\"mp4t_16_s mryx_16_s mr3m_1 mli2_1 mh85_56 mh85_0_l\">\n<div class=\"mgn2_16 _0d3bd_am0a-\">\n<h4>Etykiety termotransferowe p\u0119telkowe du\u017ce 25mmx25cm.<\/h4>\n<p>Wykonane s\u0105 z materia\u0142\u00f3w w 100% odpornych na warunki atmosferyczne.<\/p>\n<p>Jest to elastyczny plastik, kt\u00f3ry nie ma mo\u017cliwo\u015bci aby rozm\u00f3k\u0142 czy zmarszczy\u0142 si\u0119 w wyniku dzia\u0142ania wody. Rodzaj materia\u0142u gwarantuje rozrywanie dok\u0142adnie wed\u0142ug perforacji. Etykiety nie p\u0119kaj\u0105 podczas rozrywania.<\/p>\n<p><b>Specyfikacja:<\/b><\/p>\n<ul>\n<li>Nawini\u0119cie: kluczykiem do przodu.<\/li>\n<li>Wymiary: 25 x 250 mm.<\/li>\n<li>Ilo\u015b\u0107 na rolce: 1000 sztuk<\/li>\n<li>Liczba etykiet w rz\u0119dzie: 4<\/li>\n<li>Szeroko\u015b\u0107 rolki: 102mm<\/li>\n<li>Szeroko\u015b\u0107 gilzy: 40mm.<\/li>\n<li>Etykiety czyste bez zadruku<\/li>\n<\/ul>\n<p>Pozwalaj\u0105 na wykonanie nadruku termotransferowego (mo\u017cemy r\u00f3wnie\u017c wykona\u0107 nadruk na zam\u00f3wienie) lub dowolnego napisu pisakiem lub markerem.<\/p>\n<p>Doskonale nadaj\u0105 si\u0119 do oznaczania wszelkiego rodzaju materia\u0142\u00f3w. Ich g\u0142\u00f3wnym zastosowanie jest oznaczanie ro\u015blin poprzez zawieszanie na ga\u0142\u0105zkach. Doskona\u0142a metoda na informowanie klient\u00f3w o odmianie \/ cenie \/ charakterystyce ro\u015bliny.<\/p>\n<p>Etykiety ogrodowe \/ plastikowe \/ ogrodnicze \/ p\u0119tlowe \/ p\u0119telkowe \/ sadownicze \/ szk\u00f3\u0142karskie \/ do oznaczania ro\u015blin \/ termotransferowe \/ wodoodporne \/ mrozoodporne \/ wytrzyma\u0142e \/ zewn\u0119trzne \/ znakowanie towar\u00f3w \/ oznaczenie materia\u0142\u00f3w.<\/p>\n<\/div>\n<\/div>\n","protected":false},"excerpt":{"rendered":"<p>Etykiety p\u0119tlowe szk\u00f3\u0142karskie 25x250mm 1000szt<\/p>\n","protected":false},"featured_media":142,"comment_status":"open","ping_status":"closed","template":"","meta":{"_kadence_starter_templates_imported_post":false},"product_brand":[23],"product_cat":[32],"product_tag":[39,40,45,42,44,43],"class_list":{"0":"post-176","1":"product","2":"type-product","3":"status-publish","4":"has-post-thumbnail","6":"product_brand-morimedia","7":"product_cat-petlowe","8":"product_tag-etykiety","9":"product_tag-petlowe","10":"product_tag-plastikowe","11":"product_tag-szkolkarskie","12":"product_tag-termotransferowe","13":"product_tag-zawieszki","15":"first","16":"instock","17":"taxable","18":"shipping-taxable","19":"purchasable","20":"product-type-simple"},"_links":{"self":[{"href":"https:\/\/morimedia.pl\/index.php\/wp-json\/wp\/v2\/product\/176","targetHints":{"allow":["GET"]}}],"collection":[{"href":"https:\/\/morimedia.pl\/index.php\/wp-json\/wp\/v2\/product"}],"about":[{"href":"https:\/\/morimedia.pl\/index.php\/wp-json\/wp\/v2\/types\/product"}],"replies":[{"embeddable":true,"href":"https:\/\/morimedia.pl\/index.php\/wp-json\/wp\/v2\/comments?post=176"}],"wp:featuredmedia":[{"embeddable":true,"href":"https:\/\/morimedia.pl\/index.php\/wp-json\/wp\/v2\/media\/142"}],"wp:attachment":[{"href":"https:\/\/morimedia.pl\/index.php\/wp-json\/wp\/v2\/media?parent=176"}],"wp:term":[{"taxonomy":"product_brand","embeddable":true,"href":"https:\/\/morimedia.pl\/index.php\/wp-json\/wp\/v2\/product_brand?post=176"},{"taxonomy":"product_cat","embeddable":true,"href":"https:\/\/morimedia.pl\/index.php\/wp-json\/wp\/v2\/product_cat?post=176"},{"taxonomy":"product_tag","embeddable":true,"href":"https:\/\/morimedia.pl\/index.php\/wp-json\/wp\/v2\/product_tag?post=176"}],"curies":[{"name":"wp","href":"https:\/\/api.w.org\/{rel}","templated":true}]}}