{"id":177,"date":"2025-02-20T13:51:17","date_gmt":"2025-02-20T12:51:17","guid":{"rendered":"http:\/\/hosting2284170.online.pro\/autoinstalator\/wordpress\/?post_type=product&#038;p=177"},"modified":"2025-11-16T15:38:08","modified_gmt":"2025-11-16T14:38:08","slug":"tasma-do-wiazania-drzew-mocna-czarna-szer-40mm-50m","status":"publish","type":"product","link":"https:\/\/morimedia.pl\/index.php\/produkt\/tasma-do-wiazania-drzew-mocna-czarna-szer-40mm-50m\/","title":{"rendered":"Ta\u015bma do wi\u0105zania drzew mocna czarna szer 40mm 50m"},"content":{"rendered":"<div class=\"mp4t_16_s mryx_16_s mr3m_1 mli2_1 mh85_56 mh85_0_l\">\n<div class=\"mgn2_16 _0d3bd_am0a-\">\n<p>Ta\u015bma czarna wykonana z mocnego splotu polipropylenowego kt\u00f3ry zapewnia wysok\u0105 wytrzyma\u0142o\u015b\u0107 na zrywanie jak i odporno\u015b\u0107 na dzia\u0142anie zewn\u0119trznych warunk\u00f3w atmosferyczny. Idealnie nadaje si\u0119 do mocowania drzew do palik\u00f3w w celu ich stabilizacji.<\/p>\n<p>Szeroko\u015b\u0107 40mm umo\u017cliwia bezpieczne mocowania bez ryzyka wcinania si\u0119 w pie\u0144 drzewa.<\/p>\n<p>Ta\u015bma rozci\u0105ga si\u0119 w bardzo ma\u0142ym zakresie wi\u0119c nale\u017cy mie\u0107 to na uwadze przy owijaniu wok\u00f3\u0142 pnia aby po kilku latach poluzowa\u0107 j\u0105 lub zdj\u0105\u0107 aby nie uciska\u0142a miejsca wi\u0105zania.<\/p>\n<p>Specyfikacja:<\/p>\n<ul>\n<li>D\u0142ugo\u015b\u0107 rolki: 50m<\/li>\n<li>Szeroko\u015b\u0107 ta\u015bmy: 40mm<\/li>\n<li>Kolor: czarny<\/li>\n<li>Materia\u0142 wykonania: tworzywo sztuczne<\/li>\n<\/ul>\n<\/div>\n<\/div>\n","protected":false},"excerpt":{"rendered":"<p>Ta\u015bma do wi\u0105zania drzew mocna czarna szer 40mm 50m<\/p>\n","protected":false},"featured_media":178,"comment_status":"open","ping_status":"closed","template":"","meta":{"_kadence_starter_templates_imported_post":false},"product_brand":[23],"product_cat":[37],"product_tag":[58,57,56,55,54],"class_list":{"0":"post-177","1":"product","2":"type-product","3":"status-publish","4":"has-post-thumbnail","6":"product_brand-morimedia","7":"product_cat-akcesoria-dla-roslin","8":"product_tag-40mm","9":"product_tag-czarna","10":"product_tag-do-drzew","11":"product_tag-pas","12":"product_tag-tasma","14":"first","15":"instock","16":"taxable","17":"shipping-taxable","18":"purchasable","19":"product-type-simple"},"_links":{"self":[{"href":"https:\/\/morimedia.pl\/index.php\/wp-json\/wp\/v2\/product\/177","targetHints":{"allow":["GET"]}}],"collection":[{"href":"https:\/\/morimedia.pl\/index.php\/wp-json\/wp\/v2\/product"}],"about":[{"href":"https:\/\/morimedia.pl\/index.php\/wp-json\/wp\/v2\/types\/product"}],"replies":[{"embeddable":true,"href":"https:\/\/morimedia.pl\/index.php\/wp-json\/wp\/v2\/comments?post=177"}],"wp:featuredmedia":[{"embeddable":true,"href":"https:\/\/morimedia.pl\/index.php\/wp-json\/wp\/v2\/media\/178"}],"wp:attachment":[{"href":"https:\/\/morimedia.pl\/index.php\/wp-json\/wp\/v2\/media?parent=177"}],"wp:term":[{"taxonomy":"product_brand","embeddable":true,"href":"https:\/\/morimedia.pl\/index.php\/wp-json\/wp\/v2\/product_brand?post=177"},{"taxonomy":"product_cat","embeddable":true,"href":"https:\/\/morimedia.pl\/index.php\/wp-json\/wp\/v2\/product_cat?post=177"},{"taxonomy":"product_tag","embeddable":true,"href":"https:\/\/morimedia.pl\/index.php\/wp-json\/wp\/v2\/product_tag?post=177"}],"curies":[{"name":"wp","href":"https:\/\/api.w.org\/{rel}","templated":true}]}}