{"id":310,"date":"2025-03-24T23:11:58","date_gmt":"2025-03-24T22:11:58","guid":{"rendered":"https:\/\/morimedia.pl\/?post_type=product&#038;p=310"},"modified":"2025-03-24T23:14:57","modified_gmt":"2025-03-24T22:14:57","slug":"oprogramowanie-addax-plus-z-katalogiem-roslin","status":"publish","type":"product","link":"https:\/\/morimedia.pl\/index.php\/produkt\/oprogramowanie-addax-plus-z-katalogiem-roslin\/","title":{"rendered":"Oprogramowanie Addax Plus z Katalogiem Ro\u015blin"},"content":{"rendered":"<p>Program dla szk\u00f3\u0142ek obj\u0119tych podatkiem VAT i centr\u00f3w ogrodniczych wersja Addax Plus na 3 stanowiska wraz z katalogiem ro\u015blin.<\/p>\n<p>Dok\u0142adniejszy opis programu mo\u017cna znale\u017a\u0107 na stronie:<\/p>\n<p><a href=\"https:\/\/morimedia.pl\/index.php\/addax-plus-kompleksowa-obsluga-szkolki-i-centrum-ogrodniczego\/\">Oprogramowanie Addax Plus<\/a><\/p>\n<p>Wersja demonstracyjna:<\/p>\n<p><a href=\"http:\/\/morimedia.pl\/files\/demo\/AddaxPlusDemoInstaller.msi\">DEMO Addax Plus<\/a><\/p>\n","protected":false},"excerpt":{"rendered":"<p>Addax Plus z katalogiem ro\u015blin na 3 stanowiska<\/p>\n","protected":false},"featured_media":259,"comment_status":"open","ping_status":"closed","template":"","meta":{"_kadence_starter_templates_imported_post":false},"product_brand":[23],"product_cat":[36],"product_tag":[],"class_list":{"0":"post-310","1":"product","2":"type-product","3":"status-publish","4":"has-post-thumbnail","6":"product_brand-morimedia","7":"product_cat-oprogramowanie","9":"first","10":"instock","11":"virtual","12":"taxable","13":"purchasable","14":"product-type-simple"},"_links":{"self":[{"href":"https:\/\/morimedia.pl\/index.php\/wp-json\/wp\/v2\/product\/310","targetHints":{"allow":["GET"]}}],"collection":[{"href":"https:\/\/morimedia.pl\/index.php\/wp-json\/wp\/v2\/product"}],"about":[{"href":"https:\/\/morimedia.pl\/index.php\/wp-json\/wp\/v2\/types\/product"}],"replies":[{"embeddable":true,"href":"https:\/\/morimedia.pl\/index.php\/wp-json\/wp\/v2\/comments?post=310"}],"wp:featuredmedia":[{"embeddable":true,"href":"https:\/\/morimedia.pl\/index.php\/wp-json\/wp\/v2\/media\/259"}],"wp:attachment":[{"href":"https:\/\/morimedia.pl\/index.php\/wp-json\/wp\/v2\/media?parent=310"}],"wp:term":[{"taxonomy":"product_brand","embeddable":true,"href":"https:\/\/morimedia.pl\/index.php\/wp-json\/wp\/v2\/product_brand?post=310"},{"taxonomy":"product_cat","embeddable":true,"href":"https:\/\/morimedia.pl\/index.php\/wp-json\/wp\/v2\/product_cat?post=310"},{"taxonomy":"product_tag","embeddable":true,"href":"https:\/\/morimedia.pl\/index.php\/wp-json\/wp\/v2\/product_tag?post=310"}],"curies":[{"name":"wp","href":"https:\/\/api.w.org\/{rel}","templated":true}]}}