{"id":312,"date":"2025-03-24T23:17:38","date_gmt":"2025-03-24T22:17:38","guid":{"rendered":"https:\/\/morimedia.pl\/?post_type=product&#038;p=312"},"modified":"2025-03-24T23:19:24","modified_gmt":"2025-03-24T22:19:24","slug":"oprogramowanie-addax-paszporty-i-etykiety","status":"publish","type":"product","link":"https:\/\/morimedia.pl\/index.php\/produkt\/oprogramowanie-addax-paszporty-i-etykiety\/","title":{"rendered":"Oprogramowanie Addax Paszporty i Etykiety"},"content":{"rendered":"<p>Program dla szk\u00f3\u0142ek i centr\u00f3w ogrodniczych umo\u017cliwiaj\u0105cy projektowanie i drukowanie etykiet i paszport\u00f3w ro\u015blin. Wersja Addax Paszporty i Etykiety na 3 stanowiska.<\/p>\n<p>Dok\u0142adniejszy opis programu mo\u017cna znale\u017a\u0107 na stronie:<\/p>\n<p><a href=\"https:\/\/morimedia.pl\/index.php\/addax-kompleksowa-obsluga-szkolki\/\">Oprogramowanie Addax<\/a><\/p>\n<p>Wersja demonstracyjna:<\/p>\n<p><a href=\"http:\/\/morimedia.pl\/files\/demo\/AddaxPlusDemoInstaller.msi\">DEMO Addax Plus<\/a><\/p>\n","protected":false},"excerpt":{"rendered":"<p>Addax Paszporty i Etykiety wersja na 3 stanowiska<\/p>\n","protected":false},"featured_media":249,"comment_status":"open","ping_status":"closed","template":"","meta":{"_kadence_starter_templates_imported_post":false},"product_brand":[23],"product_cat":[36],"product_tag":[],"class_list":{"0":"post-312","1":"product","2":"type-product","3":"status-publish","4":"has-post-thumbnail","6":"product_brand-morimedia","7":"product_cat-oprogramowanie","9":"first","10":"instock","11":"virtual","12":"taxable","13":"purchasable","14":"product-type-simple"},"_links":{"self":[{"href":"https:\/\/morimedia.pl\/index.php\/wp-json\/wp\/v2\/product\/312","targetHints":{"allow":["GET"]}}],"collection":[{"href":"https:\/\/morimedia.pl\/index.php\/wp-json\/wp\/v2\/product"}],"about":[{"href":"https:\/\/morimedia.pl\/index.php\/wp-json\/wp\/v2\/types\/product"}],"replies":[{"embeddable":true,"href":"https:\/\/morimedia.pl\/index.php\/wp-json\/wp\/v2\/comments?post=312"}],"wp:featuredmedia":[{"embeddable":true,"href":"https:\/\/morimedia.pl\/index.php\/wp-json\/wp\/v2\/media\/249"}],"wp:attachment":[{"href":"https:\/\/morimedia.pl\/index.php\/wp-json\/wp\/v2\/media?parent=312"}],"wp:term":[{"taxonomy":"product_brand","embeddable":true,"href":"https:\/\/morimedia.pl\/index.php\/wp-json\/wp\/v2\/product_brand?post=312"},{"taxonomy":"product_cat","embeddable":true,"href":"https:\/\/morimedia.pl\/index.php\/wp-json\/wp\/v2\/product_cat?post=312"},{"taxonomy":"product_tag","embeddable":true,"href":"https:\/\/morimedia.pl\/index.php\/wp-json\/wp\/v2\/product_tag?post=312"}],"curies":[{"name":"wp","href":"https:\/\/api.w.org\/{rel}","templated":true}]}}